{"id":2,"date":"2024-04-16T12:29:35","date_gmt":"2024-04-16T10:29:35","guid":{"rendered":"https:\/\/registre.programat.cat\/?page_id=2"},"modified":"2024-04-16T13:13:28","modified_gmt":"2024-04-16T11:13:28","slug":"pagina-exemple","status":"publish","type":"page","link":"https:\/\/registre.programat.cat\/index.php\/pagina-exemple\/","title":{"rendered":"P\u00e0gina d&#8217;exemple"},"content":{"rendered":"\n<p>Aquest \u00e9s una p\u00e0gina d&#8217;exemple. \u00c9s diferent d&#8217;una entrada del blog perqu\u00e8 es mantindr\u00e0 en un lloc i apareixer\u00e0 a la navegaci\u00f3 del lloc (a la majoria de temes). Molta gent comen\u00e7a amb la p\u00e0gina \u00abQuant a\u00bb, que els presenta als potencials visitants del lloc web. Podria dir alguna cosa aix\u00ed:<\/p>\n\n\n\n<blockquote class=\"wp-block-quote is-layout-flow wp-block-quote-is-layout-flow\">\n<p>Hola! S\u00f3c un missatger amb bicicleta de dia, aspirant a actor de nit i aquesta \u00e9s la meva web. Visc a Los Angeles, tinc un gran gos de nom Pep i m&#8217;agrada la pinya colada. (I em pillar\u00e0 la pluja.)<\/p>\n<\/blockquote>\n\n\n\n<p>&#8230; o alguna cosa aix\u00ed:<\/p>\n\n\n\n<blockquote class=\"wp-block-quote is-layout-flow wp-block-quote-is-layout-flow\">\n<p>La companyia Aparells XYZ es va crear el 1971, i ha estat proporcionant aparells de qualitat al p\u00fablic des de llavors. Ubicada a Gotham City, XYZ d\u00f3na treball a m\u00e9s de 2.000 persones i fa tota mena d&#8217;accions meravelloses per a la comunitat de Gotham.<\/p>\n<\/blockquote>\n\n\n\n<p>Com a usuari nou del WordPress, haur\u00edeu d&#8217;anar al <a href=\"https:\/\/registre.programat.cat\/wp-admin\/\">tauler<\/a> per a suprimir aquesta p\u00e0gina i crear p\u00e0gines noves de contingut. Divertiu-vos!<\/p>\n\n\n\n<p><\/p>\n\n\n<!--noptimize--><div class=\"rmagic rm_theme_default rm_layout_label_top\"><style><\/style><style><\/style><div class=\"rmcontent\"><pre class=\"rm-pre-wrapper-for-script-tags\"><script>\r\n                \r\nif (typeof window['rm_multipage'] == 'undefined') {\r\n\r\n    rm_multipage = {\r\n        global_page_no_form_2_1: 1\r\n    };\r\n\r\n}\r\nelse\r\n rm_multipage.global_page_no_form_2_1 = 1;\r\n\r\nfunction gotonext_form_2_1(){\r\n        \/* Making sure action attribute is empty *\/\r\n        jQuery(\"form.rmagic-form\").attr(\"action\",\"\");\r\n        maxpage = 1 ;\r\n        var form_object= jQuery(\"#rm_form_page_form_2_1_\"+rm_multipage.global_page_no_form_2_1).closest(\"form\");\r\n        var submit_btn= form_object.find(\"[type=submit]:not(.rm_noscript_btn)\");\r\n                jQuery.validator.setDefaults({errorClass: 'rm-form-field-invalid-msg',\r\n                                        ignore:':hidden,.ignore,:not(:visible),.rm_untouched',wrapper:'div',\r\n                                       errorPlacement: function(error, element) {\r\n                                                            \/\/error.appendTo(element.closest('.rminput'));\r\n                                                            error.appendTo(element.closest('div'));\r\n                                                          },\r\n                                      rules: {        \r\n        password: {\r\n            required: true,\r\n            minlength: 7\r\n        },\r\n        password_confirmation: {\r\n            required: true,\r\n            equalTo: \"#rm_reg_form_pw_2_1\"\r\n        },\r\n        email_confirmation: {\r\n            required: true,\r\n            equalTo: \"#rm_reg_form_email_2_1\"\r\n        }\r\n            },\r\n        messages: {\r\n        password_confirmation: {\r\n            equalTo: \"Your passwords do not match. Please check again.\"\r\n        },\r\n        email_confirmation: {\r\n            equalTo: \"Emails do not match\"\r\n        }\r\n            }\r\n                                    });\r\n        form_object.find('input.rm_price_field_quantity').each(function() {\r\n            if(typeof jQuery(this).attr('min') == 'undefined') {\r\n                jQuery(this).attr('min', 0);\r\n            }\r\n        });\r\n        if(form_object.find('.rm_privacy_cb').is(':visible')) {\r\n            if(!form_object.find('.rm_privacy_cb').prop('checked')){\r\n                \/\/form_object.find('.rm_privacy_cb').trigger('change');\r\n                form_object.find('.rm_privacy_cb').focus();\r\n                form_object.find('.rm_privacy_cb').parent().parent().siblings('div.rm-form-error-message').show();\r\n                return false;\r\n            }\r\n        }\r\n        if(jQuery(\"#rm_form_page_form_2_1_\"+rm_multipage.global_page_no_form_2_1+\" :input\").length > 0)\r\n        {\r\n            var elements_to_validate= jQuery(\"#rm_form_page_form_2_1_\"+rm_multipage.global_page_no_form_2_1+\" :input\");\r\n            var valid = elements_to_validate.valid();\r\n            elements_to_validate.each(function(){\r\n            var if_mobile= jQuery(this).attr('data-mobile-intel-field');\r\n            if(if_mobile){\r\n                var tel_error = rm_toggle_tel_error(this.dataset.validnumber,jQuery(this),jQuery(this).data('error-message'));\r\n                if(tel_error){\r\n                    valid= false;\r\n                }\r\n                else\r\n                {\r\n                    jQuery(this).val(this.dataset.fullnumber);\r\n                }\r\n            }\r\n            });\r\n                \r\n            if(!valid)\r\n            {\r\n                setTimeout(function(){ submit_btn.prop('disabled',false); }, 1000);\r\n                var error_element= jQuery(document).find(\"input.rm-form-field-invalid-msg\")[0];\r\n                if(error_element){\r\n                    error_element.focus();\r\n                }\r\n                return false;\r\n            }\r\n        }\r\n        \r\n        \/* Server validation for Username and Email field *\/\r\n        for(var i=0;i<rm_validation_attr.length;i++){\r\n            var validation_flag= true;\r\n            jQuery(\"[\" + rm_validation_attr[i] + \"=0]\").each(function(){\r\n               validation_flag= false;\r\n               return false;\r\n            });\r\n            \r\n            if(!validation_flag)\r\n              return;\r\n        }\r\n        \r\n        \r\n        rm_multipage.global_page_no_form_2_1++;\r\n        \r\n        \/*skip blank form pages*\/\r\n        while(jQuery(\"#rm_form_page_form_2_1_\"+rm_multipage.global_page_no_form_2_1+\" :input\").length == 0)\r\n        {\r\n        \r\n            if(maxpage <= rm_multipage.global_page_no_form_2_1)\r\n            {\r\n                    if(jQuery(\"#rm_form_page_form_2_1_\"+rm_multipage.global_page_no_form_2_1+\" :input\").length == 0){\r\n                        jQuery(\"#rm_next_form_page_button_2_1\").prop('type','submit');\r\n                        jQuery(\"#rm_prev_form_page_button_2_1\").prop('disabled',true);\r\n                        return;\r\n                    }        \r\n                    else\r\n                        break;\r\n            }\r\n        \r\n            rm_multipage.global_page_no_form_2_1++;\r\n        }\r\n            \r\n\t\r\n\tif(maxpage < rm_multipage.global_page_no_form_2_1)\r\n\t{\r\n\t\trm_multipage.global_page_no_form_2_1 = maxpage;\r\n\t\tjQuery(\"#rm_next_form_page_button_2_1\").prop('type','submit');\r\n                jQuery(\"#rm_prev_form_page_button_2_1\").prop('disabled',true);\r\n\t\treturn;\r\n\t}\r\n\tjQuery(\".rmformpage_form_2_1\").each(function (){\r\n\t\tvar visibledivid = \"rm_form_page_form_2_1_\"+rm_multipage.global_page_no_form_2_1;\r\n\t\tif(jQuery(this).attr('id') == visibledivid)\r\n\t\t\tjQuery(this).show();\r\n\t\telse\r\n\t\t\tjQuery(this).hide();\r\n\t});\r\n        jQuery('html, body').animate({\r\n            scrollTop: (jQuery('.rmformpage_form_2_1').first().offset().top)\r\n        },500);\r\n        jQuery(\"#rm_prev_form_page_button_2_1\").prop('disabled',false);\r\n        rmInitGoogleApi();\r\n}\r\nfunction gotoprev_form_2_1(){\r\n\t\r\n\tmaxpage = 1 ;\r\n        var form_object= jQuery(\"#rm_form_page_form_2_1_\"+rm_multipage.global_page_no_form_2_1).closest(\"form\");\r\n\trm_multipage.global_page_no_form_2_1--;\r\n        jQuery(\"#rm_next_form_page_button_2_1\").attr('type','button');\r\n        \/*\r\n        if(form_object.find('.rm_privacy_cb').is(':visible')) {\r\n            if(!form_object.find('.rm_privacy_cb').prop('checked')){\r\n                \/\/form_object.find('.rm_privacy_cb').trigger('change');\r\n                form_object.find('.rm_privacy_cb').focus();\r\n                form_object.find('.rm_privacy_cb').parent().parent().siblings('div.rm-form-error-message').show();\r\n                return false;\r\n            }\r\n        }\r\n        *\/\r\n        \/*skip blank form pages*\/\r\n        while(jQuery(\"#rm_form_page_form_2_1_\"+rm_multipage.global_page_no_form_2_1+\" :input\").length == 0)\r\n        {\r\n            if(1 >= rm_multipage.global_page_no_form_2_1)\r\n            {\r\n                    if(jQuery(\"#rm_form_page_form_2_1_\"+rm_multipage.global_page_no_form_2_1+\" :input\").length == 0){\r\n                        rm_multipage.global_page_no_form_2_1 = 1;\r\n                        jQuery(\"#rm_prev_form_page_button_2_1\").prop('disabled',true);\r\n                        return;\r\n                    }        \r\n                    else\r\n                        break;\r\n            }\r\n        \r\n            rm_multipage.global_page_no_form_2_1--;\r\n        }\r\n        \r\n\tjQuery(\".rmformpage_form_2_1\").each(function (){\r\n\t\tvar visibledivid = \"rm_form_page_form_2_1_\"+rm_multipage.global_page_no_form_2_1;\r\n\t\tif(jQuery(this).attr('id') == visibledivid)\r\n\t\t\tjQuery(this).show();\r\n\t\telse\r\n\t\t\tjQuery(this).hide();\r\n\t});\r\n        \r\n        if(rm_multipage.global_page_no_form_2_1 <= 1)\r\n        {\r\n            rm_multipage.global_page_no_form_2_1 = 1;\r\n            jQuery(\"#rm_prev_form_page_button_2_1\").prop('disabled',true);\r\n        }\r\n        jQuery('html, body').animate({\r\n            scrollTop: (jQuery('.rmformpage_form_2_1').first().offset().top)\r\n        },500);\r\n}         \r\n<\/script><\/pre><style type=\"text\/css\">label span.required { color: #B94A48; }span.help-inline, span.help-block { color: #888; font-size: .9em; font-style: italic; }<\/style><form novalidate onsubmit=\"return gotonext_form_2_1()\" autocomplete=\"off\" action id=\"form_2_1\" method=\"post\" class=\"rmagic-form rmagic-form-btn-center form-vertical\" name=\"rm_form\" number=\"1\" style><fieldset><input type=\"hidden\" name=\"rm_form_sub_id\" value=form_2_1><input type=\"hidden\" name=\"rm_form_sub_no\" value=1><input type=\"hidden\" name=\"rm_cond_hidden_fields\" id=\"rm_cond_hidden_fields\" value=\"\"><div class=\"rmheader\">Register with us by filling out\u00a0the form below.<\/div><div id=\"rm_stat_container\"><div class=\"rmagic-field\"><label class=\"rmfield\" for=\"form_2_1-element-2\" style=\"\">RM_Stats<\/label><div class=\"rminput\"><input type=\"text\" name=\"stat_id\" value=\"__uninit\" style=\"display:none\" id=\"form_2_1-element-2\"\/><\/div><\/div><\/div><div class=\"rm_form_page rmformpage_form_2_1\" id=\"rm_form_page_form_2_1_1\"><fieldset class='rmfieldset'><div class=\"rmagic-row\" data-bmargin=\"0\"><div class=\"rmagic-fields-wrap\"><div class=\"rmagic-col rmagic-col-12\"><div class=\"rmagic-field\"><label class=\"rmfield\" for=\"rm_reg_form_email_2_1\" style=\"\">Email<sup class=\"required\">&nbsp;*<\/sup><\/label><div class=\"rminput\"><input type=\"email\" name=\"Email_5\" required value=\"\" id=\"rm_reg_form_email_2_1\"\/><\/div><\/div><\/div><div class=\"rmagic-col rmagic-col-12\"><div class=\"rmagic-field\"><label class=\"rmfield\" for=\"rm_reg_form_email_reentry\" style=\"\">Enter email again<sup class=\"required\">&nbsp;*<\/sup><\/label><div class=\"rminput\"><input type=\"email\" name=\"email_confirmation\" required value=\"\" placeholder=\"Repeat your email\" id=\"rm_reg_form_email_reentry\"\/><\/div><\/div><\/div><\/div><\/div><div class=\"rmagic-row\" data-bmargin=\"0\"><div class=\"rmagic-fields-wrap\"><div class=\"rmagic-col rmagic-col-12\"><div class=\"rmagic-field\"><label class=\"rmfield\" for=\"form_2_1-element-19\" style=\"\">Username<sup class=\"required\">&nbsp;*<\/sup><\/label><div class=\"rminput\"><input type=\"text\" name=\"username\" placeholder=\"Username\" required value=\"\" id=\"form_2_1-element-19\"\/><\/div><\/div><\/div><\/div><\/div><div class=\"rmagic-row\" data-bmargin=\"0\"><div class=\"rmagic-fields-wrap\"><div class=\"rmagic-col rmagic-col-12\"><div class=\"rmagic-field\"><label class=\"rmfield\" for=\"rm_reg_form_pw_2_1\" style=\"\">Password<sup class=\"required\">&nbsp;*<\/sup><\/label><div class=\"rminput\"><input type=\"password\" name=\"pwd\" placeholder=\"Password\" required value=\"\" id=\"rm_reg_form_pw_2_1\" style labelstyle minlength=\"7\" data-confirmpasspos=\"right\"\/><\/div><div class=\"rmnote\"><div class=\"rmprenote\"><\/div><div class=\"rmnotecontent\">Password must be at least 7 characters long.<\/div><\/div><\/div><\/div><div class=\"rmagic-col rmagic-col-12\"><div class=\"rmagic-field\"><label class=\"rmfield\" for=\"rm_reg_form_pw_reentry\" style=\"\">Enter password again<sup class=\"required\">&nbsp;*<\/sup><\/label><div class=\"rminput\"><input type=\"password\" name=\"password_confirmation\" placeholder=\"Repeat your password\" required value=\"\" id=\"rm_reg_form_pw_reentry\" data-confirmpasspos=\"right\"\/><\/div><div class=\"rmnote\"><div class=\"rmprenote\"><\/div><div class=\"rmnotecontent\">Password must be at least 7 characters long.<\/div><\/div><\/div><\/div><\/div><\/div><div class=\"rmagic-row\" data-bmargin=\"0\"><div class=\"rmagic-fields-wrap\"><div class=\"rmagic-col rmagic-col-12\"> <div class=\"rmrow rm-full-width\"><hr class=\"rm_divider\" width=\"100%\" size=\"8\" align=\"center\"><\/div><\/div><\/div><\/div><div class=\"rmagic-row\" data-bmargin=\"0\"><div class=\"rmagic-fields-wrap\"><div class=\"rmagic-col rmagic-col-12\"><div class=\"rmagic-field\"><label class=\"rmfield\" for=\"form_2_1-element-43\" style=\"\">First Name<\/label><div class=\"rminput\"><input type=\"text\" name=\"Fname_8\" field_validation custom_validation value=\"\" id=\"form_2_1-element-43\"\/><\/div><\/div><\/div><\/div><\/div><div class=\"rmagic-row\" data-bmargin=\"0\"><div class=\"rmagic-fields-wrap\"><div class=\"rmagic-col rmagic-col-12\"><div class=\"rmagic-field\"><label class=\"rmfield\" for=\"form_2_1-element-50\" style=\"\">Last Name<\/label><div class=\"rminput\"><input type=\"text\" name=\"Lname_9\" field_validation custom_validation value=\"\" id=\"form_2_1-element-50\"\/><\/div><\/div><\/div><\/div><\/div><div class=\"rmagic-row\" data-bmargin=\"0\"><div class=\"rmagic-fields-wrap\"><div class=\"rmagic-col rmagic-col-12\"><div class=\"rmagic-field\"><label class=\"rmfield\" for=\"form_2_1-element-57\" style=\"\">Website<\/label><div class=\"rminput\"><input type=\"text\" name=\"Website_10\" field_validation custom_validation value=\"\" pattern=\"(https:\\\/\\\/|http:\\\/\\\/)?([a-zA-Z0-9]{2,}\\.)?([a-zA-Z0-9]{2,})(\\.[a-zA-Z0-9]{2,3})(\\.[a-zA-Z0-9]{2,3})?(\\\/[^\\s]{0,})?\" id=\"form_2_1-element-57\"\/><\/div><\/div><\/div><\/div><\/div><div class=\"rmagic-row\" data-bmargin=\"0\"><div class=\"rmagic-fields-wrap\"><div class=\"rmagic-col rmagic-col-12\"> <div class=\"rmrow rm-full-width\"><hr class=\"rm_divider\" width=\"100%\" size=\"8\" align=\"center\"><\/div><\/div><\/div><\/div><div class=\"rmagic-row\" data-bmargin=\"0\"><div class=\"rmagic-fields-wrap\"><div class=\"rmagic-col rmagic-col-12\"><div class=\"rmagic-field\"><label class=\"rmfield\" for=\"rm_mobile_13_2_1\" style=\"\">Phone<\/label><div class=\"rminput\"><input type=\"text\" name=\"Mobile_13\" field_validation custom_validation value=\"\" id=\"rm_mobile_13_2_1\" data-error-message=\"This does not appears to be a valid mobile number.\" placeholder=\"(000)-000-0000\" pattern=\".{14}\"\/><\/div><\/div><\/div><\/div><\/div><div class=\"rmagic-row\" data-bmargin=\"0\"><div class=\"rmagic-fields-wrap\"><div class=\"rmagic-col rmagic-col-12\"><\/div><\/div><\/div><div class=\"rmagic-row\" data-bmargin=\"0\"><div class=\"rmagic-fields-wrap\"><div class=\"rmagic-col rmagic-col-12\"><div class=\"rmagic-field\"><label class=\"rmfield\" for=\"form_2_1-element-84\" style=\"\">Correu electr\u00f2nic<sup class=\"required\">&nbsp;*<\/sup><\/label><div class=\"rminput\"><input type=\"email\" name=\"Email_15\" required value=\"\" id=\"form_2_1-element-84\"\/><\/div><\/div><\/div><\/div><\/div><\/fieldset><\/div><div class=\"buttonarea\"><input   type=\"submit\" value=\"Submit\" name=\"rm_sb_btn\" style=\"\" id=\"rm_next_form_page_button_2_1\" class=\"rm_next_btn rm-btn rm-btn-primary button button-primary\"\/> <input   type=\"submit\" value=\"Submit\" name=\"rm_sb_btn\" style=\"\" class=\"rm_noscript_btn rm-btn rm-btn-primary button button-primary\" id=\"form_2_1-element-91\"\/><\/div><\/fieldset><\/form><pre class=\"rm-pre-wrapper-for-script-tags\"><script type=\"text\/javascript\">jQuery(document).ready(function() {\t\tjQuery(\"#form_2_1\").bind(\"submit\", function(){\r\n                        \/\/jQuery(this).find(\"input[name=rm_slug]\").attr(\"value\",jQuery(this).find(\"input[name=submit]\").attr(\"value\"));\r\n\t\t\tjQuery(this).find(\"input[type=submit]\").attr(\"disabled\", \"disabled\"); \r\n\t\t});            \r\n                   \r\n                   jQuery(\"#rm_reg_form_email_2_1\").change(function(){\r\n                   var data = {\r\n                           'action': 'rm_user_exists',\r\n                           'rm_sec_nonce': 'd89183f502',\r\n                           'rm_slug': 'rm_user_exists',\r\n                           'email': jQuery(this).val(),\r\n                           'attr': 'data-rm-valid-email',\r\n                           'form_id':\"2\"\r\n                   };\r\n                   \r\n                   rm_user_exists(this,rm_ajax_url,data);\r\n                  \r\n                 });\r\n                       \r\n                   \r\n                   jQuery(\"#rm_reg_form_email_reentry\").change(function(){\r\n                   var data = {\r\n                           'action': 'rm_user_exists',\r\n                           'rm_sec_nonce': 'd89183f502',\r\n                           'rm_slug': 'rm_user_exists',\r\n                           'email': jQuery(this).val(),\r\n                           'attr': 'data-rm-valid-email',\r\n                           'form_id':\"2\"\r\n                   };\r\n                   \r\n                   rm_user_exists(this,rm_ajax_url,data);\r\n                  \r\n                 });\r\n           jQuery('#form_2_1-element-19').change(function(){\r\n                var data = {\r\n                    'action': 'rm_user_exists',\r\n                    'rm_sec_nonce': 'd89183f502',\r\n                    'rm_slug': 'rm_user_exists',\r\n                    'username': jQuery(this).val(),\r\n                    'attr': 'data-rm-valid-username',\r\n                    'form_id': '2'\r\n                };\r\n                rm_user_exists(this,rm_ajax_url,data,'This username has already been taken. Please try again with a different username.');\r\n                });\r\n            }); <\/script><\/pre>        <noscript>\r\n            <div class=\"rm-js-disabled\"><b>Note: It looks like JavaScript is disabled in your browser. Some elements of this form may require JavaScript to work properly. If you have trouble submitting the form, try enabling JavaScript momentarily and resubmit. JavaScript settings are usually found in Browser Settings or Browser Developer menu.<\/b><\/div>\r\n            <style>\r\n                .rm_next_btn {display:none !important}\r\n                .rm_noscript_btn {display: block !important}\r\n            <\/style>\r\n        <\/noscript>\r\n    <\/div><\/div><!--\/noptimize-->\n","protected":false},"excerpt":{"rendered":"<p>Aquest \u00e9s una p\u00e0gina d&#8217;exemple. \u00c9s diferent d&#8217;una entrada del blog perqu\u00e8 es mantindr\u00e0 en un lloc i apareixer\u00e0 a la navegaci\u00f3 del lloc (a la majoria de temes). Molta gent comen\u00e7a amb la p\u00e0gina \u00abQuant a\u00bb, que els presenta als potencials visitants del lloc web. Podria dir alguna cosa aix\u00ed: Hola! S\u00f3c un missatger [&hellip;]<\/p>\n","protected":false},"author":1,"featured_media":0,"parent":0,"menu_order":0,"comment_status":"closed","ping_status":"open","template":"","meta":{"footnotes":""},"class_list":["post-2","page","type-page","status-publish","hentry"],"_links":{"self":[{"href":"https:\/\/registre.programat.cat\/index.php\/wp-json\/wp\/v2\/pages\/2","targetHints":{"allow":["GET"]}}],"collection":[{"href":"https:\/\/registre.programat.cat\/index.php\/wp-json\/wp\/v2\/pages"}],"about":[{"href":"https:\/\/registre.programat.cat\/index.php\/wp-json\/wp\/v2\/types\/page"}],"author":[{"embeddable":true,"href":"https:\/\/registre.programat.cat\/index.php\/wp-json\/wp\/v2\/users\/1"}],"replies":[{"embeddable":true,"href":"https:\/\/registre.programat.cat\/index.php\/wp-json\/wp\/v2\/comments?post=2"}],"version-history":[{"count":2,"href":"https:\/\/registre.programat.cat\/index.php\/wp-json\/wp\/v2\/pages\/2\/revisions"}],"predecessor-version":[{"id":12,"href":"https:\/\/registre.programat.cat\/index.php\/wp-json\/wp\/v2\/pages\/2\/revisions\/12"}],"wp:attachment":[{"href":"https:\/\/registre.programat.cat\/index.php\/wp-json\/wp\/v2\/media?parent=2"}],"curies":[{"name":"wp","href":"https:\/\/api.w.org\/{rel}","templated":true}]}}